{"id":21,"date":"2024-07-04T23:12:46","date_gmt":"2024-07-04T23:12:46","guid":{"rendered":"https:\/\/dynamicbiker.com\/tienda-en-linea\/?post_type=product&#038;p=21"},"modified":"2024-07-08T17:40:06","modified_gmt":"2024-07-08T17:40:06","slug":"protecciones","status":"publish","type":"product","link":"https:\/\/dynamicbiker.com\/tienda-en-linea\/producto\/protecciones\/","title":{"rendered":"Protecciones"},"content":{"rendered":"<ul>\n<li>Extra\u00edbles o fijas<\/li>\n<li>Fabricadas en material viscoel\u00e1stico que absorbe impactos<\/li>\n<li>Excelente resistencia al impacto y rendimiento de amortiguaci\u00f3n<\/li>\n<li>Certificadas con las normas m\u00e1s estrictas de seguridad y protecci\u00f3n CE EN1621-1:2012 Nivel 1<\/li>\n<\/ul>\n","protected":false},"excerpt":{"rendered":"<p>Extra\u00edbles o fijas Fabricadas en material viscoel\u00e1stico que absorbe impactos Excelente resistencia al impacto y rendimiento de amortiguaci\u00f3n Certificadas con las normas m\u00e1s estrictas de seguridad y protecci\u00f3n CE EN1621-1:2012 Nivel 1<\/p>\n","protected":false},"featured_media":31,"comment_status":"open","ping_status":"closed","template":"","meta":{"inline_featured_image":false},"product_cat":[15],"product_tag":[],"class_list":{"0":"post-21","1":"product","2":"type-product","3":"status-publish","4":"has-post-thumbnail","6":"product_cat-dynamic-biker","8":"first","9":"instock","10":"taxable","11":"shipping-taxable","12":"product-type-simple"},"_links":{"self":[{"href":"https:\/\/dynamicbiker.com\/tienda-en-linea\/wp-json\/wp\/v2\/product\/21","targetHints":{"allow":["GET"]}}],"collection":[{"href":"https:\/\/dynamicbiker.com\/tienda-en-linea\/wp-json\/wp\/v2\/product"}],"about":[{"href":"https:\/\/dynamicbiker.com\/tienda-en-linea\/wp-json\/wp\/v2\/types\/product"}],"replies":[{"embeddable":true,"href":"https:\/\/dynamicbiker.com\/tienda-en-linea\/wp-json\/wp\/v2\/comments?post=21"}],"wp:featuredmedia":[{"embeddable":true,"href":"https:\/\/dynamicbiker.com\/tienda-en-linea\/wp-json\/wp\/v2\/media\/31"}],"wp:attachment":[{"href":"https:\/\/dynamicbiker.com\/tienda-en-linea\/wp-json\/wp\/v2\/media?parent=21"}],"wp:term":[{"taxonomy":"product_cat","embeddable":true,"href":"https:\/\/dynamicbiker.com\/tienda-en-linea\/wp-json\/wp\/v2\/product_cat?post=21"},{"taxonomy":"product_tag","embeddable":true,"href":"https:\/\/dynamicbiker.com\/tienda-en-linea\/wp-json\/wp\/v2\/product_tag?post=21"}],"curies":[{"name":"wp","href":"https:\/\/api.w.org\/{rel}","templated":true}]}}