{"id":19,"date":"2024-07-04T23:11:46","date_gmt":"2024-07-04T23:11:46","guid":{"rendered":"https:\/\/dynamicbiker.com\/tienda-en-linea\/?post_type=product&#038;p=19"},"modified":"2024-07-08T15:47:37","modified_gmt":"2024-07-08T15:47:37","slug":"guante-urbano","status":"publish","type":"product","link":"https:\/\/dynamicbiker.com\/tienda-en-linea\/producto\/guante-urbano\/","title":{"rendered":"Guante urbano"},"content":{"rendered":"<ul>\n<li>Resistente y de f\u00e1cil uso<\/li>\n<li>Palma y dorso confeccionado en piel aut\u00e9ntica de vaca con grosor de 0,7-0,8<\/li>\n<li>Refuerzo en zonas de mayor desgaste<\/li>\n<li>Panel el\u00e1stico en mu\u00f1eca con ajuste en contactel de alta agarre<\/li>\n<li>Protecciones ocultas en \u00e1reas de dedos y nudillos<\/li>\n<li>Forro interior en polyester<\/li>\n<\/ul>\n","protected":false},"excerpt":{"rendered":"<p>Resistente y de f\u00e1cil uso Palma y dorso confeccionado en piel aut\u00e9ntica de vaca con grosor de 0,7-0,8 Refuerzo en zonas de mayor desgaste Panel el\u00e1stico en mu\u00f1eca con ajuste en contactel de alta agarre Protecciones ocultas en \u00e1reas de dedos y nudillos Forro interior en polyester<\/p>\n","protected":false},"featured_media":29,"comment_status":"open","ping_status":"closed","template":"","meta":{"inline_featured_image":false},"product_cat":[15],"product_tag":[],"class_list":{"0":"post-19","1":"product","2":"type-product","3":"status-publish","4":"has-post-thumbnail","6":"product_cat-dynamic-biker","8":"first","9":"instock","10":"taxable","11":"shipping-taxable","12":"product-type-simple"},"_links":{"self":[{"href":"https:\/\/dynamicbiker.com\/tienda-en-linea\/wp-json\/wp\/v2\/product\/19","targetHints":{"allow":["GET"]}}],"collection":[{"href":"https:\/\/dynamicbiker.com\/tienda-en-linea\/wp-json\/wp\/v2\/product"}],"about":[{"href":"https:\/\/dynamicbiker.com\/tienda-en-linea\/wp-json\/wp\/v2\/types\/product"}],"replies":[{"embeddable":true,"href":"https:\/\/dynamicbiker.com\/tienda-en-linea\/wp-json\/wp\/v2\/comments?post=19"}],"wp:featuredmedia":[{"embeddable":true,"href":"https:\/\/dynamicbiker.com\/tienda-en-linea\/wp-json\/wp\/v2\/media\/29"}],"wp:attachment":[{"href":"https:\/\/dynamicbiker.com\/tienda-en-linea\/wp-json\/wp\/v2\/media?parent=19"}],"wp:term":[{"taxonomy":"product_cat","embeddable":true,"href":"https:\/\/dynamicbiker.com\/tienda-en-linea\/wp-json\/wp\/v2\/product_cat?post=19"},{"taxonomy":"product_tag","embeddable":true,"href":"https:\/\/dynamicbiker.com\/tienda-en-linea\/wp-json\/wp\/v2\/product_tag?post=19"}],"curies":[{"name":"wp","href":"https:\/\/api.w.org\/{rel}","templated":true}]}}