{"id":18,"date":"2024-07-04T23:10:55","date_gmt":"2024-07-04T23:10:55","guid":{"rendered":"https:\/\/dynamicbiker.com\/tienda-en-linea\/?post_type=product&#038;p=18"},"modified":"2024-07-08T15:47:16","modified_gmt":"2024-07-08T15:47:16","slug":"guante-impermeable","status":"publish","type":"product","link":"https:\/\/dynamicbiker.com\/tienda-en-linea\/producto\/guante-impermeable\/","title":{"rendered":"Guante impermeable"},"content":{"rendered":"<ul>\n<li>Especial para climas frios y lluviosos<\/li>\n<li>Palma y dorso confeccionado en piel aut\u00e9ntica de vaca con grosor de 0,7-0,8<\/li>\n<li>Refuerzo principal de la palma en material sint\u00e9tico negro (amara)<\/li>\n<li>Peque\u00f1o refuerzo en la palma y entre dedo del pulgar en material base de PU<\/li>\n<li>Pu\u00f1o de palma en tela de cordura de nylon<\/li>\n<li>Dorso cuerpo principal del guante en tela cordura de nylon negro<\/li>\n<li>Acolchados de goma suave en los dedos<\/li>\n<li>\u00c1rea de nudillos en cuero de cabra con protecciones en nudillos<\/li>\n<li>Doble ajuste en las mu\u00f1ecas y pu\u00f1os en cordura de nylon<\/li>\n<\/ul>\n","protected":false},"excerpt":{"rendered":"<p>Especial para climas frios y lluviosos Palma y dorso confeccionado en piel aut\u00e9ntica de vaca con grosor de 0,7-0,8 Refuerzo principal de la palma en material sint\u00e9tico negro (amara) Peque\u00f1o refuerzo en la palma y entre dedo del pulgar en material base de PU Pu\u00f1o de palma en tela de cordura de nylon Dorso cuerpo [&hellip;]<\/p>\n","protected":false},"featured_media":28,"comment_status":"open","ping_status":"closed","template":"","meta":{"inline_featured_image":false},"product_cat":[15],"product_tag":[],"class_list":{"0":"post-18","1":"product","2":"type-product","3":"status-publish","4":"has-post-thumbnail","6":"product_cat-dynamic-biker","8":"first","9":"instock","10":"taxable","11":"shipping-taxable","12":"product-type-simple"},"_links":{"self":[{"href":"https:\/\/dynamicbiker.com\/tienda-en-linea\/wp-json\/wp\/v2\/product\/18","targetHints":{"allow":["GET"]}}],"collection":[{"href":"https:\/\/dynamicbiker.com\/tienda-en-linea\/wp-json\/wp\/v2\/product"}],"about":[{"href":"https:\/\/dynamicbiker.com\/tienda-en-linea\/wp-json\/wp\/v2\/types\/product"}],"replies":[{"embeddable":true,"href":"https:\/\/dynamicbiker.com\/tienda-en-linea\/wp-json\/wp\/v2\/comments?post=18"}],"wp:featuredmedia":[{"embeddable":true,"href":"https:\/\/dynamicbiker.com\/tienda-en-linea\/wp-json\/wp\/v2\/media\/28"}],"wp:attachment":[{"href":"https:\/\/dynamicbiker.com\/tienda-en-linea\/wp-json\/wp\/v2\/media?parent=18"}],"wp:term":[{"taxonomy":"product_cat","embeddable":true,"href":"https:\/\/dynamicbiker.com\/tienda-en-linea\/wp-json\/wp\/v2\/product_cat?post=18"},{"taxonomy":"product_tag","embeddable":true,"href":"https:\/\/dynamicbiker.com\/tienda-en-linea\/wp-json\/wp\/v2\/product_tag?post=18"}],"curies":[{"name":"wp","href":"https:\/\/api.w.org\/{rel}","templated":true}]}}