{"id":17,"date":"2024-07-04T23:10:36","date_gmt":"2024-07-04T23:10:36","guid":{"rendered":"https:\/\/dynamicbiker.com\/tienda-en-linea\/?post_type=product&#038;p=17"},"modified":"2024-07-08T15:48:05","modified_gmt":"2024-07-08T15:48:05","slug":"impermeable-2-piezas","status":"publish","type":"product","link":"https:\/\/dynamicbiker.com\/tienda-en-linea\/producto\/impermeable-2-piezas\/","title":{"rendered":"Impermeable 2 piezas"},"content":{"rendered":"<h2>Chamarra<\/h2>\n<ul>\n<li>Impermeable al agua, fabricada en PVC \/ Poli\u00e9ster virgen<\/li>\n<li>Reflejantes de 2\u201d pl\u00e1stico 100 PVC con microesferas encapsuladas en brazos<\/li>\n<li>Ajustes en pu\u00f1os con el\u00e1stico y en cintura cord\u00f3n con ojillos gu\u00eda<\/li>\n<li>Cuello tipo Mao, cierre y contactel al frente<\/li>\n<\/ul>\n<h2>Pantal\u00f3n<\/h2>\n<ul>\n<li>Pantal\u00f3n impermeable al agua<\/li>\n<li>Fabricado en PVC \/ Poli\u00e9ster virgen.<\/li>\n<li>Reflejantes de 2\u201d pl\u00e1stico 100 PVC con microesferas encapsuladas en piernas.<\/li>\n<li>Ajustes en cintura con el\u00e1stico y cord\u00f3n.<\/li>\n<li>Pantal\u00f3n recto con refuerzo en tiro<\/li>\n<li>Estribos el\u00e1sticos en ambos pies, con broches de ajuste en valenciana<\/li>\n<\/ul>\n","protected":false},"excerpt":{"rendered":"<p>Chamarra Impermeable al agua, fabricada en PVC \/ Poli\u00e9ster virgen Reflejantes de 2\u201d pl\u00e1stico 100 PVC con microesferas encapsuladas en brazos Ajustes en pu\u00f1os con el\u00e1stico y en cintura cord\u00f3n con ojillos gu\u00eda Cuello tipo Mao, cierre y contactel al frente Pantal\u00f3n Pantal\u00f3n impermeable al agua Fabricado en PVC \/ Poli\u00e9ster virgen. Reflejantes de 2\u201d [&hellip;]<\/p>\n","protected":false},"featured_media":30,"comment_status":"open","ping_status":"closed","template":"","meta":{"inline_featured_image":false},"product_cat":[15],"product_tag":[],"class_list":{"0":"post-17","1":"product","2":"type-product","3":"status-publish","4":"has-post-thumbnail","6":"product_cat-dynamic-biker","8":"first","9":"instock","10":"taxable","11":"shipping-taxable","12":"product-type-simple"},"_links":{"self":[{"href":"https:\/\/dynamicbiker.com\/tienda-en-linea\/wp-json\/wp\/v2\/product\/17","targetHints":{"allow":["GET"]}}],"collection":[{"href":"https:\/\/dynamicbiker.com\/tienda-en-linea\/wp-json\/wp\/v2\/product"}],"about":[{"href":"https:\/\/dynamicbiker.com\/tienda-en-linea\/wp-json\/wp\/v2\/types\/product"}],"replies":[{"embeddable":true,"href":"https:\/\/dynamicbiker.com\/tienda-en-linea\/wp-json\/wp\/v2\/comments?post=17"}],"wp:featuredmedia":[{"embeddable":true,"href":"https:\/\/dynamicbiker.com\/tienda-en-linea\/wp-json\/wp\/v2\/media\/30"}],"wp:attachment":[{"href":"https:\/\/dynamicbiker.com\/tienda-en-linea\/wp-json\/wp\/v2\/media?parent=17"}],"wp:term":[{"taxonomy":"product_cat","embeddable":true,"href":"https:\/\/dynamicbiker.com\/tienda-en-linea\/wp-json\/wp\/v2\/product_cat?post=17"},{"taxonomy":"product_tag","embeddable":true,"href":"https:\/\/dynamicbiker.com\/tienda-en-linea\/wp-json\/wp\/v2\/product_tag?post=17"}],"curies":[{"name":"wp","href":"https:\/\/api.w.org\/{rel}","templated":true}]}}