{"id":16,"date":"2024-07-04T23:09:48","date_gmt":"2024-07-04T23:09:48","guid":{"rendered":"https:\/\/dynamicbiker.com\/tienda-en-linea\/?post_type=product&#038;p=16"},"modified":"2024-07-08T15:46:28","modified_gmt":"2024-07-08T15:46:28","slug":"armadura","status":"publish","type":"product","link":"https:\/\/dynamicbiker.com\/tienda-en-linea\/producto\/armadura\/","title":{"rendered":"Armadura"},"content":{"rendered":"<ul>\n<li>Con protector de pl\u00e1stico de alta calidad y resistencia en espalda, hombros, codos, protectores de antebrazo, pecho todo unido a una camiseta de malla de licra el\u00e1stica transpirable.<\/li>\n<li>Cojines Shell para proteger partes importantes del cuerpo.<\/li>\n<li>Cintur\u00f3n el\u00e1stico ancho ajustable con velcro<\/li>\n<li>Es una armadura de gran calidad<\/li>\n<li>Se puede usar sola o debajo de una chamarra<\/li>\n<li>Fresca y transpirable, excelente para climas c\u00e1lidos<\/li>\n<\/ul>\n","protected":false},"excerpt":{"rendered":"<p>Con protector de pl\u00e1stico de alta calidad y resistencia en espalda, hombros, codos, protectores de antebrazo, pecho todo unido a una camiseta de malla de licra el\u00e1stica transpirable. Cojines Shell para proteger partes importantes del cuerpo. Cintur\u00f3n el\u00e1stico ancho ajustable con velcro Es una armadura de gran calidad Se puede usar sola o debajo de [&hellip;]<\/p>\n","protected":false},"featured_media":27,"comment_status":"open","ping_status":"closed","template":"","meta":{"inline_featured_image":false},"product_cat":[15],"product_tag":[],"class_list":{"0":"post-16","1":"product","2":"type-product","3":"status-publish","4":"has-post-thumbnail","6":"product_cat-dynamic-biker","8":"first","9":"instock","10":"taxable","11":"shipping-taxable","12":"product-type-simple"},"_links":{"self":[{"href":"https:\/\/dynamicbiker.com\/tienda-en-linea\/wp-json\/wp\/v2\/product\/16","targetHints":{"allow":["GET"]}}],"collection":[{"href":"https:\/\/dynamicbiker.com\/tienda-en-linea\/wp-json\/wp\/v2\/product"}],"about":[{"href":"https:\/\/dynamicbiker.com\/tienda-en-linea\/wp-json\/wp\/v2\/types\/product"}],"replies":[{"embeddable":true,"href":"https:\/\/dynamicbiker.com\/tienda-en-linea\/wp-json\/wp\/v2\/comments?post=16"}],"wp:featuredmedia":[{"embeddable":true,"href":"https:\/\/dynamicbiker.com\/tienda-en-linea\/wp-json\/wp\/v2\/media\/27"}],"wp:attachment":[{"href":"https:\/\/dynamicbiker.com\/tienda-en-linea\/wp-json\/wp\/v2\/media?parent=16"}],"wp:term":[{"taxonomy":"product_cat","embeddable":true,"href":"https:\/\/dynamicbiker.com\/tienda-en-linea\/wp-json\/wp\/v2\/product_cat?post=16"},{"taxonomy":"product_tag","embeddable":true,"href":"https:\/\/dynamicbiker.com\/tienda-en-linea\/wp-json\/wp\/v2\/product_tag?post=16"}],"curies":[{"name":"wp","href":"https:\/\/api.w.org\/{rel}","templated":true}]}}