{"id":15,"date":"2024-07-04T23:09:29","date_gmt":"2024-07-04T23:09:29","guid":{"rendered":"https:\/\/dynamicbiker.com\/tienda-en-linea\/?post_type=product&#038;p=15"},"modified":"2024-07-08T18:56:31","modified_gmt":"2024-07-08T18:56:31","slug":"uniformes","status":"publish","type":"product","link":"https:\/\/dynamicbiker.com\/tienda-en-linea\/producto\/uniformes\/","title":{"rendered":"Uniformes"},"content":{"rendered":"<h2>Chamarra para motociclista<\/h2>\n<ul>\n<li>Protecci\u00f3n superior con textil antifricci\u00f3n y gran ventilaci\u00f3n por medio de malla 3D<\/li>\n<li>Protecciones a impactos extra\u00edbles en hombros, codos y espalda CERTIFICADAS UNE-EN 1621-1<\/li>\n<li>Protecciones a impactos extra\u00edbles en hombros, codos y espalda Certificadas UNE-EN 1621-1<\/li>\n<li>Bolsillos utilitarios al frente, y\/o interno<\/li>\n<li>Logos en vinil reflejante opci\u00f3n con bordados, pueden ser intercambiables con velcro<\/li>\n<li>Reflejante al frente, brazos y doble amplio en la espalda marca 3M<\/li>\n<li>Cuello terminado en neopreno<\/li>\n<li>Ventilaci\u00f3n con cierre impermeable o con malla 3D, en parte alta de la espalda y\/o laterales traseros<\/li>\n<\/ul>\n<h2>Pantal\u00f3n para motociclista<\/h2>\n<ul>\n<li>Protecci\u00f3n superior con textil antifricci\u00f3n repelente al agua<\/li>\n<li>Protecciones a impactos extra\u00edbles en rodillas bajo la norma UNE-EN 1621-1<\/li>\n<li>Refuerzo en zona con alto desgaste<\/li>\n<li>Reflejante al costado y en amplitud de bota<\/li>\n<li>Bolsillo trasero, ajuste el\u00e1stico en cintura opcional<\/li>\n<li>Cintur\u00f3n opcional<\/li>\n<li>Bolsillos utilitarios al frente<\/li>\n<li>Logos en vinil reflejante o con velcro<\/li>\n<li>Amplitud para bota con ajuste de cierre<\/li>\n<\/ul>\n","protected":false},"excerpt":{"rendered":"<p>Chamarra para motociclista Protecci\u00f3n superior con textil antifricci\u00f3n y gran ventilaci\u00f3n por medio de malla 3D Protecciones a impactos extra\u00edbles en hombros, codos y espalda CERTIFICADAS UNE-EN 1621-1 Protecciones a impactos extra\u00edbles en hombros, codos y espalda Certificadas UNE-EN 1621-1 Bolsillos utilitarios al frente, y\/o interno Logos en vinil reflejante opci\u00f3n con bordados, pueden ser [&hellip;]<\/p>\n","protected":false},"featured_media":25,"comment_status":"open","ping_status":"closed","template":"","meta":{"inline_featured_image":false},"product_cat":[15],"product_tag":[],"class_list":{"0":"post-15","1":"product","2":"type-product","3":"status-publish","4":"has-post-thumbnail","6":"product_cat-dynamic-biker","8":"first","9":"instock","10":"taxable","11":"shipping-taxable","12":"purchasable","13":"product-type-variable"},"_links":{"self":[{"href":"https:\/\/dynamicbiker.com\/tienda-en-linea\/wp-json\/wp\/v2\/product\/15","targetHints":{"allow":["GET"]}}],"collection":[{"href":"https:\/\/dynamicbiker.com\/tienda-en-linea\/wp-json\/wp\/v2\/product"}],"about":[{"href":"https:\/\/dynamicbiker.com\/tienda-en-linea\/wp-json\/wp\/v2\/types\/product"}],"replies":[{"embeddable":true,"href":"https:\/\/dynamicbiker.com\/tienda-en-linea\/wp-json\/wp\/v2\/comments?post=15"}],"wp:featuredmedia":[{"embeddable":true,"href":"https:\/\/dynamicbiker.com\/tienda-en-linea\/wp-json\/wp\/v2\/media\/25"}],"wp:attachment":[{"href":"https:\/\/dynamicbiker.com\/tienda-en-linea\/wp-json\/wp\/v2\/media?parent=15"}],"wp:term":[{"taxonomy":"product_cat","embeddable":true,"href":"https:\/\/dynamicbiker.com\/tienda-en-linea\/wp-json\/wp\/v2\/product_cat?post=15"},{"taxonomy":"product_tag","embeddable":true,"href":"https:\/\/dynamicbiker.com\/tienda-en-linea\/wp-json\/wp\/v2\/product_tag?post=15"}],"curies":[{"name":"wp","href":"https:\/\/api.w.org\/{rel}","templated":true}]}}