{"id":13,"date":"2024-07-04T23:08:00","date_gmt":"2024-07-04T23:08:00","guid":{"rendered":"https:\/\/dynamicbiker.com\/tienda-en-linea\/?post_type=product&#038;p=13"},"modified":"2024-07-08T15:45:07","modified_gmt":"2024-07-08T15:45:07","slug":"casco-cerrado","status":"publish","type":"product","link":"https:\/\/dynamicbiker.com\/tienda-en-linea\/producto\/casco-cerrado\/","title":{"rendered":"Casco cerrado"},"content":{"rendered":"<ul>\n<li>Carcasa fabricada en pl\u00e1stico de alta ingenier\u00eda ABS para proteger de manera segura<\/li>\n<li>Cumple todos los est\u00e1ndares DOT (USA)<\/li>\n<li>Visor anti-crash de visi\u00f3n amplia<\/li>\n<li>Doble visor<\/li>\n<li>Ventilaciones frontales en parte superior y mentonera \/ Ventilaci\u00f3n posterior para salida de aire caliente interior<\/li>\n<li>Interior hipoalerg\u00e9nico acolchado, totalmente desmontable y lavable<\/li>\n<li>Sistema de sujeci\u00f3n (barbiquejo) microm\u00e9trico para ajuste preciso<\/li>\n<\/ul>\n","protected":false},"excerpt":{"rendered":"<p>Carcasa fabricada en pl\u00e1stico de alta ingenier\u00eda ABS para proteger de manera segura Cumple todos los est\u00e1ndares DOT (USA) Visor anti-crash de visi\u00f3n amplia Doble visor Ventilaciones frontales en parte superior y mentonera \/ Ventilaci\u00f3n posterior para salida de aire caliente interior Interior hipoalerg\u00e9nico acolchado, totalmente desmontable y lavable Sistema de sujeci\u00f3n (barbiquejo) microm\u00e9trico para [&hellip;]<\/p>\n","protected":false},"featured_media":23,"comment_status":"open","ping_status":"closed","template":"","meta":{"inline_featured_image":false},"product_cat":[15],"product_tag":[],"class_list":{"0":"post-13","1":"product","2":"type-product","3":"status-publish","4":"has-post-thumbnail","6":"product_cat-dynamic-biker","8":"first","9":"instock","10":"taxable","11":"shipping-taxable","12":"product-type-simple"},"_links":{"self":[{"href":"https:\/\/dynamicbiker.com\/tienda-en-linea\/wp-json\/wp\/v2\/product\/13","targetHints":{"allow":["GET"]}}],"collection":[{"href":"https:\/\/dynamicbiker.com\/tienda-en-linea\/wp-json\/wp\/v2\/product"}],"about":[{"href":"https:\/\/dynamicbiker.com\/tienda-en-linea\/wp-json\/wp\/v2\/types\/product"}],"replies":[{"embeddable":true,"href":"https:\/\/dynamicbiker.com\/tienda-en-linea\/wp-json\/wp\/v2\/comments?post=13"}],"wp:featuredmedia":[{"embeddable":true,"href":"https:\/\/dynamicbiker.com\/tienda-en-linea\/wp-json\/wp\/v2\/media\/23"}],"wp:attachment":[{"href":"https:\/\/dynamicbiker.com\/tienda-en-linea\/wp-json\/wp\/v2\/media?parent=13"}],"wp:term":[{"taxonomy":"product_cat","embeddable":true,"href":"https:\/\/dynamicbiker.com\/tienda-en-linea\/wp-json\/wp\/v2\/product_cat?post=13"},{"taxonomy":"product_tag","embeddable":true,"href":"https:\/\/dynamicbiker.com\/tienda-en-linea\/wp-json\/wp\/v2\/product_tag?post=13"}],"curies":[{"name":"wp","href":"https:\/\/api.w.org\/{rel}","templated":true}]}}