{"id":12,"date":"2024-07-04T22:55:32","date_gmt":"2024-07-04T22:55:32","guid":{"rendered":"https:\/\/dynamicbiker.com\/tienda-en-linea\/?post_type=product&#038;p=12"},"modified":"2024-07-08T15:46:11","modified_gmt":"2024-07-08T15:46:11","slug":"casco-abatible","status":"publish","type":"product","link":"https:\/\/dynamicbiker.com\/tienda-en-linea\/producto\/casco-abatible\/","title":{"rendered":"Casco abatible"},"content":{"rendered":"<ul>\n<li>Carcasa fabricada en pl\u00e1stico de alta ingenier\u00eda ABS para proteger de manera segura<\/li>\n<li>Cumple todos los est\u00e1ndares (Certificados DOT y ECE)<\/li>\n<li>Visor anti-scrash de visi\u00f3n amplia Certificado ECE2205<\/li>\n<li>Visor interior oscuro VPS accionada desde el exterior del casco<\/li>\n<li>Cuenta con dos ventilaciones frontales en parte superior y mentonera y una ventilaci\u00f3n posterior para salida de aire caliente interior<\/li>\n<li>Interior hipoalerg\u00e9nico acolchado, totalmente desmontable y lavable<\/li>\n<li>Sistema de sujeci\u00f3n (barbiquejo) microm\u00e9trico para ajuste preciso<\/li>\n<\/ul>\n","protected":false},"excerpt":{"rendered":"<p>Carcasa fabricada en pl\u00e1stico de alta ingenier\u00eda ABS para proteger de manera segura Cumple todos los est\u00e1ndares (Certificados DOT y ECE) Visor anti-scrash de visi\u00f3n amplia Certificado ECE2205 Visor interior oscuro VPS accionada desde el exterior del casco Cuenta con dos ventilaciones frontales en parte superior y mentonera y una ventilaci\u00f3n posterior para salida de [&hellip;]<\/p>\n","protected":false},"featured_media":22,"comment_status":"open","ping_status":"closed","template":"","meta":{"inline_featured_image":false},"product_cat":[15],"product_tag":[],"class_list":{"0":"post-12","1":"product","2":"type-product","3":"status-publish","4":"has-post-thumbnail","6":"product_cat-dynamic-biker","8":"first","9":"instock","10":"taxable","11":"shipping-taxable","12":"product-type-simple"},"_links":{"self":[{"href":"https:\/\/dynamicbiker.com\/tienda-en-linea\/wp-json\/wp\/v2\/product\/12","targetHints":{"allow":["GET"]}}],"collection":[{"href":"https:\/\/dynamicbiker.com\/tienda-en-linea\/wp-json\/wp\/v2\/product"}],"about":[{"href":"https:\/\/dynamicbiker.com\/tienda-en-linea\/wp-json\/wp\/v2\/types\/product"}],"replies":[{"embeddable":true,"href":"https:\/\/dynamicbiker.com\/tienda-en-linea\/wp-json\/wp\/v2\/comments?post=12"}],"wp:featuredmedia":[{"embeddable":true,"href":"https:\/\/dynamicbiker.com\/tienda-en-linea\/wp-json\/wp\/v2\/media\/22"}],"wp:attachment":[{"href":"https:\/\/dynamicbiker.com\/tienda-en-linea\/wp-json\/wp\/v2\/media?parent=12"}],"wp:term":[{"taxonomy":"product_cat","embeddable":true,"href":"https:\/\/dynamicbiker.com\/tienda-en-linea\/wp-json\/wp\/v2\/product_cat?post=12"},{"taxonomy":"product_tag","embeddable":true,"href":"https:\/\/dynamicbiker.com\/tienda-en-linea\/wp-json\/wp\/v2\/product_tag?post=12"}],"curies":[{"name":"wp","href":"https:\/\/api.w.org\/{rel}","templated":true}]}}